{"id":690,"date":"2025-05-24T23:23:31","date_gmt":"2025-05-24T23:23:31","guid":{"rendered":"https:\/\/navyblend.com\/bar\/"},"modified":"2025-07-21T11:00:06","modified_gmt":"2025-07-21T11:00:06","slug":"bar","status":"publish","type":"page","link":"https:\/\/navyblend.com\/de\/bar\/","title":{"rendered":"Bar"},"content":{"rendered":"<p>[et_pb_section fb_built=&#8220;1&#8243; custom_padding_last_edited=&#8220;on|desktop&#8220; admin_label=&#8220;Header&#8220; _builder_version=&#8220;4.27.4&#8243; _module_preset=&#8220;default&#8220; background_color=&#8220;gcid-f53bea2f-11b6-47b2-a970-343c85385294&#8243; use_background_color_gradient=&#8220;on&#8220; background_color_gradient_stops=&#8220;rgba(0,0,0,0) 12%|gcid-f53bea2f-11b6-47b2-a970-343c85385294 100%&#8220; background_color_gradient_overlays_image=&#8220;on&#8220; background_image=&#8220;https:\/\/navyblend.com\/wp-content\/uploads\/2025\/05\/snowbar_cover.jpg&#8220; custom_padding=&#8220;16vw||2px||false|false&#8220; custom_padding_tablet=&#8220;30px||0px||false|false&#8220; custom_padding_phone=&#8220;30px||0px||false|false&#8220; collapsed=&#8220;on&#8220; global_colors_info=&#8220;{%22gcid-f53bea2f-11b6-47b2-a970-343c85385294%22:%91%22background_color_gradient_stops%22,%22background_color%22%93}&#8220;][et_pb_row _builder_version=&#8220;4.18.0&#8243; _module_preset=&#8220;default&#8220; global_colors_info=&#8220;{}&#8220;][et_pb_column type=&#8220;4_4&#8243; _builder_version=&#8220;4.18.0&#8243; _module_preset=&#8220;default&#8220; global_colors_info=&#8220;{}&#8220;][et_pb_text content_tablet=&#8220;<\/p>\n<h1>NAVY BLEND Bar<\/h1>\n<p>Die Kunst des Taus und des Vergn\u00fcgens<\/p>\n<p>&#8220; content_phone=&#8220;<\/p>\n<h1 style=%22text-align: center;%22>NAVY BLEND Bar<\/h1>\n<p style=%22text-align: center;%22>Die Kunst des Taus und des Vergn\u00fcgens<\/p>\n<p>&#8220; content_last_edited=&#8220;on|phone&#8220; _builder_version=&#8220;4.27.4&#8243; _module_preset=&#8220;c16985e1-e0d6-4022-964d-e2bfc04fa633&#8243; text_font=&#8220;Roboto|100|||||||&#8220; text_font_size=&#8220;44px&#8220; header_font=&#8220;Cinzel|||on|||||&#8220; header_text_color=&#8220;#E7E2BC&#8220; header_font_size=&#8220;90px&#8220; header_line_height=&#8220;1.15em&#8220; custom_margin=&#8220;||||false|false&#8220; text_text_color_tablet=&#8220;&#8220; text_text_color_phone=&#8220;#FFFFFF&#8220; text_text_color_last_edited=&#8220;on|phone&#8220; text_font_size_tablet=&#8220;44px&#8220; text_font_size_phone=&#8220;25px&#8220; text_font_size_last_edited=&#8220;on|phone&#8220; text_line_height_tablet=&#8220;&#8220; text_line_height_phone=&#8220;1.7em&#8220; text_line_height_last_edited=&#8220;on|phone&#8220; header_font_size_tablet=&#8220;46px&#8220; header_font_size_phone=&#8220;28px&#8220; header_font_size_last_edited=&#8220;on|tablet&#8220; global_colors_info=&#8220;{}&#8220;]<\/p>\n<h1>NAVY BLEND Bar<\/h1>\n<p>[\/et_pb_text][\/et_pb_column][\/et_pb_row][\/et_pb_section][et_pb_section fb_built=&#8220;1&#8243; admin_label=&#8220;About&#8220; _builder_version=&#8220;4.18.0&#8243; _module_preset=&#8220;default&#8220; background_color=&#8220;gcid-f53bea2f-11b6-47b2-a970-343c85385294&#8243; custom_padding=&#8220;0px|||||&#8220; collapsed=&#8220;on&#8220; global_colors_info=&#8220;{%22gcid-f53bea2f-11b6-47b2-a970-343c85385294%22:%91%22background_color%22%93}&#8220;][et_pb_row column_structure=&#8220;1_2,1_2&#8243; _builder_version=&#8220;4.18.0&#8243; _module_preset=&#8220;default&#8220; global_colors_info=&#8220;{}&#8220;][et_pb_column type=&#8220;1_2&#8243; _builder_version=&#8220;4.18.0&#8243; _module_preset=&#8220;default&#8220; global_colors_info=&#8220;{}&#8220;][et_pb_image src=&#8220;https:\/\/navyblend.com\/wp-content\/uploads\/2025\/05\/65201016_603189700169805_6892656236374786048_n.jpg&#8220; title_text=&#8220;65201016_603189700169805_6892656236374786048_n&#8220; align=&#8220;center&#8220; _builder_version=&#8220;4.27.4&#8243; _module_preset=&#8220;default&#8220; max_height_tablet=&#8220;300px&#8220; max_height_phone=&#8220;300px&#8220; max_height_last_edited=&#8220;on|tablet&#8220; global_colors_info=&#8220;{}&#8220;][\/et_pb_image][\/et_pb_column][et_pb_column type=&#8220;1_2&#8243; _builder_version=&#8220;4.18.0&#8243; _module_preset=&#8220;default&#8220; global_colors_info=&#8220;{}&#8220;][et_pb_text _builder_version=&#8220;4.27.4&#8243; _module_preset=&#8220;518880c8-46c7-4ffa-b5a6-93ffa99dcc17&#8243; text_font=&#8220;Marcellus||||||||&#8220; text_text_color=&#8220;#E7E2BC&#8220; text_font_size=&#8220;22px&#8220; text_line_height=&#8220;1.65em&#8220; text_font_size_tablet=&#8220;16px&#8220; text_font_size_phone=&#8220;14px&#8220; text_font_size_last_edited=&#8220;on|desktop&#8220; global_colors_info=&#8220;{}&#8220;][\/et_pb_text][et_pb_text _builder_version=&#8220;4.27.4&#8243; _module_preset=&#8220;b327cbe4-b1d5-4b66-ad37-40c8f2f061ba&#8220; header_2_font=&#8220;Italiana||||||||&#8220; header_2_text_color=&#8220;#E7E2BC&#8220; header_2_font_size=&#8220;70px&#8220; header_2_line_height=&#8220;1.2em&#8220; header_2_font_size_tablet=&#8220;32px&#8220; header_2_font_size_phone=&#8220;24px&#8220; header_2_font_size_last_edited=&#8220;on|tablet&#8220; global_colors_info=&#8220;{}&#8220;]<\/p>\n<h2>Seit 2018<\/h2>\n<p>&nbsp;<\/p>\n<p>[\/et_pb_text][\/et_pb_column][\/et_pb_row][\/et_pb_section][et_pb_section fb_built=&#8220;1&#8243; custom_padding_last_edited=&#8220;off|tablet&#8220; admin_label=&#8220;Feature&#8220; _builder_version=&#8220;4.27.4&#8243; _module_preset=&#8220;default&#8220; background_color=&#8220;gcid-f53bea2f-11b6-47b2-a970-343c85385294&#8243; use_background_color_gradient=&#8220;on&#8220; background_color_gradient_type=&#8220;elliptical&#8220; background_color_gradient_direction_radial=&#8220;right&#8220; background_color_gradient_stops=&#8220;rgba(0,0,0,0) 0%|gcid-f53bea2f-11b6-47b2-a970-343c85385294 80%&#8220; background_color_gradient_overlays_image=&#8220;on&#8220; background_image=&#8220;https:\/\/navyblend.com\/wp-content\/uploads\/2025\/05\/whiskey-37.jpg&#8220; custom_margin_tablet=&#8220;&#8220; custom_margin_phone=&#8220;-100px||||false|false&#8220; custom_margin_last_edited=&#8220;on|phone&#8220; custom_padding=&#8220;||7%||false|false&#8220; custom_padding_tablet=&#8220;||7%||false|false&#8220; collapsed=&#8220;on&#8220; global_colors_info=&#8220;{%22gcid-f53bea2f-11b6-47b2-a970-343c85385294%22:%91%22background_color%22,%22background_color_gradient_stops%22%93}&#8220;][et_pb_row _builder_version=&#8220;4.18.0&#8243; _module_preset=&#8220;default&#8220; global_colors_info=&#8220;{}&#8220;][et_pb_column type=&#8220;4_4&#8243; _builder_version=&#8220;4.18.0&#8243; _module_preset=&#8220;default&#8220; global_colors_info=&#8220;{}&#8220;][et_pb_text _builder_version=&#8220;4.27.4&#8243; _module_preset=&#8220;b327cbe4-b1d5-4b66-ad37-40c8f2f061ba&#8220; header_2_font=&#8220;Italiana||||||||&#8220; header_2_text_color=&#8220;#E7E2BC&#8220; header_2_font_size=&#8220;70px&#8220; header_2_line_height=&#8220;1.2em&#8220; text_orientation=&#8220;center&#8220; header_2_font_size_tablet=&#8220;32px&#8220; header_2_font_size_phone=&#8220;40px&#8220; header_2_font_size_last_edited=&#8220;on|phone&#8220; locked=&#8220;off&#8220; global_colors_info=&#8220;{}&#8220;]<\/p>\n<h2>Snowbar Cocktails<\/h2>\n<p>[\/et_pb_text][\/et_pb_column][\/et_pb_row][et_pb_row column_structure=&#8220;1_2,1_2&#8243; _builder_version=&#8220;4.18.0&#8243; _module_preset=&#8220;default&#8220; global_colors_info=&#8220;{}&#8220;][et_pb_column type=&#8220;1_2&#8243; _builder_version=&#8220;4.18.0&#8243; _module_preset=&#8220;default&#8220; global_colors_info=&#8220;{}&#8220;][et_pb_text _builder_version=&#8220;4.27.4&#8243; _module_preset=&#8220;518880c8-46c7-4ffa-b5a6-93ffa99dcc17&#8243; text_font=&#8220;Marcellus||||||||&#8220; text_text_color=&#8220;#E7E2BC&#8220; text_font_size=&#8220;22px&#8220; text_line_height=&#8220;1.65em&#8220; custom_margin_tablet=&#8220;&#8220; custom_margin_phone=&#8220;-45px||||false|false&#8220; custom_margin_last_edited=&#8220;on|phone&#8220; text_font_size_tablet=&#8220;16px&#8220; text_font_size_phone=&#8220;14px&#8220; text_font_size_last_edited=&#8220;on|desktop&#8220; global_colors_info=&#8220;{}&#8220;]<\/p>\n<p style=\"text-align: justify;\">Eis, der unsichtbare Protagonist, nimmt hier bei Navy Blend seinen rechtm\u00e4\u00dfigen Platz ein. Kristall&#8230; mit dem Charakter, dem W\u00fcrfel, der Kugel, dem Splitt, dem Schnee, den Formen und Gestalten, die wir dem Eis geben, bietet es Charme, Sch\u00f6nheit, aber gleichzeitig spielt es die gr\u00f6\u00dfte Rolle in einer Bar, denn es ist dasjenige, das mit der richtigen Technik einen Drink oder einen Cocktail in etwas Besonderes verwandelt. Durch den Einsatz moderner Tiefk\u00fchlger\u00e4te (-27C) erhalten Cocktails einen einzigartigen Charakter, der Sie beeindrucken wird.  <\/p>\n<p>[\/et_pb_text][et_pb_button button_url=&#8220;https:\/\/books.emd.systems\/flipbook\/ok-navy-blend-snowbar-coktails-no-price\/&#8220; url_new_window=&#8220;on&#8220; button_text=&#8220;MENU&#8220; button_alignment=&#8220;center&#8220; _builder_version=&#8220;4.27.4&#8243; custom_button=&#8220;on&#8220; button_text_size=&#8220;13px&#8220; button_bg_color=&#8220;#bd8f52&#8243; button_border_width=&#8220;2px&#8220; button_border_color=&#8220;#bd8f52&#8243; button_border_radius=&#8220;0px&#8220; button_letter_spacing=&#8220;2px&#8220; button_font=&#8220;Cabin|600||on|||||&#8220; button_use_icon=&#8220;off&#8220; background_layout=&#8220;dark&#8220; custom_padding=&#8220;16px|24px|16px|24px|true|true&#8220; custom_padding_tablet=&#8220;56px||56px||true|true&#8220; custom_padding_phone=&#8220;24px||24px||true|true&#8220; custom_padding_last_edited=&#8220;off|tablet&#8220; hover_enabled=&#8220;0&#8243; box_shadow_style=&#8220;preset7&#8243; box_shadow_horizontal=&#8220;0px&#8220; box_shadow_vertical=&#8220;0px&#8220; box_shadow_spread=&#8220;2px&#8220; box_shadow_color=&#8220;#ffffff&#8220; locked=&#8220;off&#8220; global_colors_info=&#8220;{}&#8220; box_shadow_spread__hover_enabled=&#8220;on|hover&#8220; box_shadow_spread__hover=&#8220;6px&#8220; button_border_color__hover_enabled=&#8220;on|desktop&#8220; button_border_color__hover=&#8220;#d1d1d1&#8243; sticky_enabled=&#8220;0&#8243;][\/et_pb_button][\/et_pb_column][et_pb_column type=&#8220;1_2&#8243; _builder_version=&#8220;4.18.0&#8243; _module_preset=&#8220;default&#8220; global_colors_info=&#8220;{}&#8220;][et_pb_image src=&#8220;https:\/\/navyblend.com\/wp-content\/uploads\/2025\/05\/67196369_622195464935895_2035435398720651264_n.jpg&#8220; title_text=&#8220;67196369_622195464935895_2035435398720651264_n&#8220; _builder_version=&#8220;4.27.4&#8243; _module_preset=&#8220;default&#8220; locked=&#8220;off&#8220; global_colors_info=&#8220;{}&#8220;][\/et_pb_image][\/et_pb_column][\/et_pb_row][\/et_pb_section][et_pb_section fb_built=&#8220;1&#8243; admin_label=&#8220;Text&#8220; _builder_version=&#8220;4.27.4&#8243; _module_preset=&#8220;default&#8220; background_color=&#8220;#000000&#8243; background_image=&#8220;https:\/\/navyblend.com\/wp-content\/uploads\/2025\/05\/481162335_1177138501079748_6379985717413746782_n.jpg&#8220; custom_padding=&#8220;15%||15%||true|false&#8220; locked=&#8220;off&#8220; collapsed=&#8220;on&#8220; global_colors_info=&#8220;{}&#8220;][et_pb_row _builder_version=&#8220;4.18.0&#8243; _module_preset=&#8220;default&#8220; global_colors_info=&#8220;{}&#8220;][et_pb_column type=&#8220;4_4&#8243; _builder_version=&#8220;4.18.0&#8243; _module_preset=&#8220;default&#8220; global_colors_info=&#8220;{}&#8220;][et_pb_text _builder_version=&#8220;4.27.4&#8243; _module_preset=&#8220;f9f368e9-1ac8-4322-a2db-788e8011a5fd&#8220; header_2_font=&#8220;Cinzel|500||on|||||&#8220; header_2_text_color=&#8220;#E7E2BC&#8220; header_2_font_size=&#8220;120px&#8220; header_2_line_height=&#8220;1.15em&#8220; text_orientation=&#8220;center&#8220; header_2_font_size_tablet=&#8220;40px&#8220; header_2_font_size_phone=&#8220;24px&#8220; header_2_font_size_last_edited=&#8220;on|desktop&#8220; global_colors_info=&#8220;{}&#8220;]<\/p>\n<p>&nbsp;<\/p>\n<p>&nbsp;<\/p>\n<p>&nbsp;<\/p>\n<p>&nbsp;<\/p>\n<p>&nbsp;<\/p>\n<p>&nbsp;<\/p>\n<p>&nbsp;<\/p>\n<p>[\/et_pb_text][\/et_pb_column][\/et_pb_row][\/et_pb_section][et_pb_section fb_built=&#8220;1&#8243; admin_label=&#8220;Call to Action&#8220; _builder_version=&#8220;4.18.0&#8243; _module_preset=&#8220;default&#8220; background_color=&#8220;gcid-f53bea2f-11b6-47b2-a970-343c85385294&#8243; use_background_color_gradient=&#8220;on&#8220; background_color_gradient_stops=&#8220;gcid-f53bea2f-11b6-47b2-a970-343c85385294 70%|gcid-ab6b9068-bffc-496b-a93d-1ff98284b2de 70%&#8220; custom_padding=&#8220;1.6%||||false|false&#8220; collapsed=&#8220;on&#8220; global_colors_info=&#8220;{%22gcid-f53bea2f-11b6-47b2-a970-343c85385294%22:%91%22background_color%22,%22background_color_gradient_stops%22%93,%22gcid-ab6b9068-bffc-496b-a93d-1ff98284b2de%22:%91%22background_color_gradient_stops%22%93}&#8220;][et_pb_row _builder_version=&#8220;4.27.4&#8243; _module_preset=&#8220;default&#8220; max_width=&#8220;none&#8220; custom_margin_tablet=&#8220;&#8220; custom_margin_phone=&#8220;-40px||||false|false&#8220; custom_margin_last_edited=&#8220;on|desktop&#8220; global_colors_info=&#8220;{}&#8220;][et_pb_column type=&#8220;4_4&#8243; _builder_version=&#8220;4.18.0&#8243; _module_preset=&#8220;default&#8220; global_colors_info=&#8220;{}&#8220;][et_pb_text _builder_version=&#8220;4.27.4&#8243; _module_preset=&#8220;f9f368e9-1ac8-4322-a2db-788e8011a5fd&#8220; header_2_font=&#8220;Cinzel|500||on|||||&#8220; header_2_text_color=&#8220;#E7E2BC&#8220; header_2_font_size=&#8220;4vw&#8220; header_2_line_height=&#8220;1.2em&#8220; header_2_font_size_tablet=&#8220;40px&#8220; header_2_font_size_phone=&#8220;24px&#8220; header_2_font_size_last_edited=&#8220;on|desktop&#8220; global_colors_info=&#8220;{}&#8220;]<\/p>\n<h2 style=\"text-align: center;\">Klassische Getr\u00e4nke &amp; Premium-Etiketten<\/h2>\n<p>[\/et_pb_text][\/et_pb_column][\/et_pb_row][et_pb_row column_structure=&#8220;1_2,1_2&#8243; use_custom_gutter=&#8220;on&#8220; gutter_width=&#8220;1&#8243; make_equal=&#8220;on&#8220; _builder_version=&#8220;4.27.4&#8243; _module_preset=&#8220;default&#8220; background_color=&#8220;gcid-82d6c09a-d813-40a8-95b4-5069eeb5bf47&#8243; background_enable_pattern_style=&#8220;on&#8220; background_pattern_style=&#8220;scallops&#8220; background_pattern_color=&#8220;rgba(0,0,0,0.05)&#8220; background_pattern_size=&#8220;custom&#8220; background_pattern_width=&#8220;25px&#8220; custom_padding=&#8220;0px||0px||true|false&#8220; global_colors_info=&#8220;{%22gcid-82d6c09a-d813-40a8-95b4-5069eeb5bf47%22:%91%22background_color%22%93}&#8220;][et_pb_column type=&#8220;1_2&#8243; _builder_version=&#8220;4.27.4&#8243; _module_preset=&#8220;default&#8220; background_image=&#8220;https:\/\/navyblend.com\/wp-content\/uploads\/2025\/05\/61189027_587850198370422_7721851216770105344_n.jpg&#8220; global_colors_info=&#8220;{}&#8220;][et_pb_divider show_divider=&#8220;off&#8220; _builder_version=&#8220;4.18.0&#8243; _module_preset=&#8220;default&#8220; height_tablet=&#8220;40vw&#8220; height_phone=&#8220;40vw&#8220; height_last_edited=&#8220;on|desktop&#8220; global_colors_info=&#8220;{}&#8220;][\/et_pb_divider][\/et_pb_column][et_pb_column type=&#8220;1_2&#8243; _builder_version=&#8220;4.18.0&#8243; _module_preset=&#8220;default&#8220; custom_padding=&#8220;10vw|8%|6vw|8%|false|true&#8220; custom_padding_tablet=&#8220;30px|30px|30px|30px|true|true&#8220; custom_padding_phone=&#8220;20px|20px|20px|20px|true|true&#8220; custom_padding_last_edited=&#8220;on|desktop&#8220; global_colors_info=&#8220;{}&#8220;][et_pb_text _builder_version=&#8220;4.27.4&#8243; _module_preset=&#8220;aaa7c440-590a-4078-ae0c-0f3c699ac51c&#8220; text_font=&#8220;Roboto|300|||||||&#8220; text_font_size=&#8220;21px&#8220; header_font=&#8220;||||||||&#8220; header_3_font=&#8220;Marcellus||||||||&#8220; header_3_text_color=&#8220;#000000&#8243; header_3_font_size=&#8220;36px&#8220; header_3_line_height=&#8220;1.3em&#8220; text_orientation=&#8220;center&#8220; custom_margin_tablet=&#8220;||20px||false|false&#8220; custom_margin_phone=&#8220;||20px||false|false&#8220; custom_margin_last_edited=&#8220;off|desktop&#8220; header_3_font_size_tablet=&#8220;20px&#8220; header_3_font_size_phone=&#8220;16px&#8220; header_3_font_size_last_edited=&#8220;on|phone&#8220; global_colors_info=&#8220;{}&#8220;]Verschiedene Rum- und Whisky-Marken sowie seltene Gin-Etiketten sind nur einige der Getr\u00e4nke, die in diesem speziell gestalteten Raum angeboten werden. [\/et_pb_text][et_pb_button button_url=&#8220;https:\/\/books.emd.systems\/flipbook\/ok-navy-blend-snowbar-noprice\/&#8220; url_new_window=&#8220;on&#8220; button_text=&#8220;Pr\u00fcfen Sie das Men\u00fc&#8220; button_alignment=&#8220;center&#8220; _builder_version=&#8220;4.27.4&#8243; _module_preset=&#8220;67c574eb-c75c-4deb-b2ff-3997e8d6bddb&#8220; custom_button=&#8220;on&#8220; button_text_size=&#8220;18px&#8220; button_text_color=&#8220;#000000&#8243; button_bg_color=&#8220;RGBA(255,255,255,0)&#8220; button_border_width=&#8220;0px&#8220; button_border_radius=&#8220;0px&#8220; button_font=&#8220;Playfair Display|700|on||||||&#8220; custom_margin=&#8220;10vw||||false|false&#8220; custom_padding=&#8220;12px|0px|12px|0px|true|true&#8220; hover_enabled=&#8220;0&#8243; box_shadow_style=&#8220;preset4&#8243; box_shadow_horizontal=&#8220;0px&#8220; box_shadow_vertical=&#8220;2px&#8220; box_shadow_color=&#8220;#000000&#8243; global_colors_info=&#8220;{}&#8220; sticky_enabled=&#8220;0&#8243;][\/et_pb_button][\/et_pb_column][\/et_pb_row][\/et_pb_section][et_pb_section fb_built=&#8220;1&#8243; admin_label=&#8220;Call to Action&#8220; _builder_version=&#8220;4.18.0&#8243; _module_preset=&#8220;default&#8220; background_color=&#8220;gcid-f53bea2f-11b6-47b2-a970-343c85385294&#8243; collapsed=&#8220;on&#8220; global_colors_info=&#8220;{%22gcid-f53bea2f-11b6-47b2-a970-343c85385294%22:%91%22background_color%22%93}&#8220;][et_pb_row column_structure=&#8220;1_2,1_2&#8243; _builder_version=&#8220;4.18.0&#8243; _module_preset=&#8220;default&#8220; global_colors_info=&#8220;{}&#8220;][et_pb_column type=&#8220;1_2&#8243; _builder_version=&#8220;4.18.0&#8243; _module_preset=&#8220;default&#8220; global_colors_info=&#8220;{}&#8220;][et_pb_image src=&#8220;https:\/\/navyblend.com\/wp-content\/uploads\/2025\/05\/481788951_1185975510196047_589689908141304686_n.jpg&#8220; title_text=&#8220;481788951_1185975510196047_589689908141304686_n&#8220; align=&#8220;right&#8220; _builder_version=&#8220;4.27.4&#8243; _module_preset=&#8220;default&#8220; custom_margin=&#8220;-50%|||-30vw|false|false&#8220; custom_margin_tablet=&#8220;-140px|||0vw|false|false&#8220; custom_margin_phone=&#8220;||||false|false&#8220; custom_margin_last_edited=&#8220;on|tablet&#8220; global_colors_info=&#8220;{}&#8220;][\/et_pb_image][\/et_pb_column][et_pb_column type=&#8220;1_2&#8243; _builder_version=&#8220;4.18.0&#8243; _module_preset=&#8220;default&#8220; global_colors_info=&#8220;{}&#8220;][et_pb_text _builder_version=&#8220;4.27.4&#8243; _module_preset=&#8220;b327cbe4-b1d5-4b66-ad37-40c8f2f061ba&#8220; text_font=&#8220;Roboto|300|||||||&#8220; text_font_size=&#8220;18px&#8220; header_2_font=&#8220;Italiana||||||||&#8220; header_2_text_color=&#8220;#E7E2BC&#8220; header_2_font_size=&#8220;70px&#8220; header_2_line_height=&#8220;1.2em&#8220; text_orientation=&#8220;center&#8220; header_2_font_size_tablet=&#8220;32px&#8220; header_2_font_size_phone=&#8220;24px&#8220; header_2_font_size_last_edited=&#8220;on|tablet&#8220; global_colors_info=&#8220;{}&#8220;]Navy Blend Cava<\/p>\n<h2>Kretische Weine<\/h2>\n<p>[\/et_pb_text][et_pb_text _builder_version=&#8220;4.27.4&#8243; _module_preset=&#8220;518880c8-46c7-4ffa-b5a6-93ffa99dcc17&#8243; text_font=&#8220;Marcellus||||||||&#8220; text_text_color=&#8220;#E7E2BC&#8220; text_font_size=&#8220;22px&#8220; text_line_height=&#8220;1.65em&#8220; text_orientation=&#8220;center&#8220; text_font_size_tablet=&#8220;16px&#8220; text_font_size_phone=&#8220;14px&#8220; text_font_size_last_edited=&#8220;on|desktop&#8220; global_colors_info=&#8220;{}&#8220;]F\u00fcr Weinliebhaber finden Sie eine sorgf\u00e4ltig ausgew\u00e4hlte Kollektion kretischer und griechischer Weine von guten Erzeugern. Genie\u00dfen Sie Wei\u00df-, Ros\u00e9- und Rotweine, die den einzigartigen Charakter und die Aromen unseres Landes hervorheben und ideal zu jeder Mahlzeit passen.[\/et_pb_text][et_pb_image src=&#8220;https:\/\/navyblend.com\/wp-content\/uploads\/2025\/05\/kyma-suites-hotel-rethymno-navy-blend-bar-restaurant-exterior-1.webp&#8220; title_text=&#8220;kyma-suites-hotel-rethymno-navy-blend-bar-restaurant-exterior-1&#8243; _builder_version=&#8220;4.27.4&#8243; _module_preset=&#8220;default&#8220; global_colors_info=&#8220;{}&#8220;][\/et_pb_image][\/et_pb_column][\/et_pb_row][\/et_pb_section]<\/p>\n","protected":false},"excerpt":{"rendered":"<p>NAVY BLEND BarSeit 2018 &nbsp;Snowbar CocktailsEis, der unsichtbare Protagonist, nimmt hier bei Navy Blend seinen rechtm\u00e4\u00dfigen Platz ein. Kristall&#8230; mit dem Charakter, dem W\u00fcrfel, der Kugel, dem Splitt, dem Schnee, den Formen und Gestalten, die wir dem Eis geben, bietet es Charme, Sch\u00f6nheit, aber gleichzeitig spielt es die gr\u00f6\u00dfte Rolle in einer Bar, denn es [&hellip;]<\/p>\n","protected":false},"author":1,"featured_media":0,"parent":0,"menu_order":0,"comment_status":"closed","ping_status":"closed","template":"","meta":{"_et_pb_use_builder":"on","_et_pb_old_content":"","_et_gb_content_width":"","footnotes":""},"class_list":["post-690","page","type-page","status-publish","hentry"],"_links":{"self":[{"href":"https:\/\/navyblend.com\/de\/wp-json\/wp\/v2\/pages\/690","targetHints":{"allow":["GET"]}}],"collection":[{"href":"https:\/\/navyblend.com\/de\/wp-json\/wp\/v2\/pages"}],"about":[{"href":"https:\/\/navyblend.com\/de\/wp-json\/wp\/v2\/types\/page"}],"author":[{"embeddable":true,"href":"https:\/\/navyblend.com\/de\/wp-json\/wp\/v2\/users\/1"}],"replies":[{"embeddable":true,"href":"https:\/\/navyblend.com\/de\/wp-json\/wp\/v2\/comments?post=690"}],"version-history":[{"count":4,"href":"https:\/\/navyblend.com\/de\/wp-json\/wp\/v2\/pages\/690\/revisions"}],"predecessor-version":[{"id":774,"href":"https:\/\/navyblend.com\/de\/wp-json\/wp\/v2\/pages\/690\/revisions\/774"}],"wp:attachment":[{"href":"https:\/\/navyblend.com\/de\/wp-json\/wp\/v2\/media?parent=690"}],"curies":[{"name":"wp","href":"https:\/\/api.w.org\/{rel}","templated":true}]}}